{"id":4510,"date":"2025-01-16T11:51:36","date_gmt":"2025-01-16T10:51:36","guid":{"rendered":"https:\/\/adalu.ch\/?page_id=4510"},"modified":"2025-04-01T01:59:56","modified_gmt":"2025-03-31T23:59:56","slug":"apoie-a-adalu","status":"publish","type":"page","link":"https:\/\/adalu.ch\/pt\/apoie-a-adalu\/","title":{"rendered":"Apoie a Adalu"},"content":{"rendered":"<div data-elementor-type=\"wp-page\" data-elementor-id=\"4510\" class=\"elementor elementor-4510\" data-elementor-post-type=\"page\">\n\t\t\t\t<div class=\"elementor-element elementor-element-9a71b8d e-flex e-con-boxed e-con e-parent\" data-id=\"9a71b8d\" data-element_type=\"container\" data-e-type=\"container\">\n\t\t\t\t\t<div class=\"e-con-inner\">\n\t\t\t\t<div class=\"elementor-element elementor-element-4264146 elementor-widget elementor-widget-spacer\" data-id=\"4264146\" data-element_type=\"widget\" data-e-type=\"widget\" data-widget_type=\"spacer.default\">\n\t\t\t\t<div class=\"elementor-widget-container\">\n\t\t\t\t\t\t\t<div class=\"elementor-spacer\">\n\t\t\t<div class=\"elementor-spacer-inner\"><\/div>\n\t\t<\/div>\n\t\t\t\t\t\t<\/div>\n\t\t\t\t<\/div>\n\t\t\t\t\t<\/div>\n\t\t\t\t<\/div>\n\t\t\t\t<section class=\"elementor-section elementor-top-section elementor-element elementor-element-e00a948 elementor-section-boxed elementor-section-height-default elementor-section-height-default\" data-id=\"e00a948\" data-element_type=\"section\" data-e-type=\"section\">\n\t\t\t\t\t\t<div class=\"elementor-container elementor-column-gap-default\">\n\t\t\t\t\t<div class=\"elementor-column elementor-col-100 elementor-top-column elementor-element elementor-element-545275a\" data-id=\"545275a\" data-element_type=\"column\" data-e-type=\"column\">\n\t\t\t<div class=\"elementor-widget-wrap elementor-element-populated\">\n\t\t\t\t\t\t<section class=\"elementor-section elementor-inner-section elementor-element elementor-element-d1f7234 elementor-section-full_width elementor-section-height-default elementor-section-height-default\" data-id=\"d1f7234\" data-element_type=\"section\" data-e-type=\"section\">\n\t\t\t\t\t\t<div class=\"elementor-container elementor-column-gap-default\">\n\t\t\t\t\t<div class=\"elementor-column elementor-col-100 elementor-inner-column elementor-element elementor-element-0f3c03b\" data-id=\"0f3c03b\" data-element_type=\"column\" data-e-type=\"column\">\n\t\t\t<div class=\"elementor-widget-wrap elementor-element-populated\">\n\t\t\t\t\t\t<section class=\"elementor-section elementor-inner-section elementor-element elementor-element-57b94b1 elementor-section-boxed elementor-section-height-default elementor-section-height-default\" data-id=\"57b94b1\" data-element_type=\"section\" data-e-type=\"section\">\n\t\t\t\t\t\t<div class=\"elementor-container elementor-column-gap-default\">\n\t\t\t\t\t<div class=\"elementor-column elementor-col-100 elementor-inner-column elementor-element elementor-element-ef65256 animated-fast elementor-invisible\" data-id=\"ef65256\" data-element_type=\"column\" data-e-type=\"column\" data-settings=\"{&quot;animation&quot;:&quot;fadeIn&quot;,&quot;animation_delay&quot;:400}\">\n\t\t\t<div class=\"elementor-widget-wrap elementor-element-populated\">\n\t\t\t\t\t\t<div class=\"elementor-element elementor-element-6f6d19a animated-fast elementor-invisible elementor-widget elementor-widget-heading\" data-id=\"6f6d19a\" data-element_type=\"widget\" data-e-type=\"widget\" data-settings=\"{&quot;_animation&quot;:&quot;fadeIn&quot;}\" data-widget_type=\"heading.default\">\n\t\t\t\t<div class=\"elementor-widget-container\">\n\t\t\t\t\t<h2 class=\"elementor-heading-title elementor-size-default\"><span style=\"background-color: #9686E9\">Colabore com a Cena Cultural Brasileira na Su\u00ed\u00e7a:<\/span><\/u> Apoie a Adalu nessa Miss\u00e3o\n<\/h2>\t\t\t\t<\/div>\n\t\t\t\t<\/div>\n\t\t\t\t<div class=\"elementor-element elementor-element-9449422 animated-fast elementor-widget-divider--view-line elementor-invisible elementor-widget elementor-widget-divider\" data-id=\"9449422\" data-element_type=\"widget\" data-e-type=\"widget\" data-settings=\"{&quot;_animation&quot;:&quot;fadeIn&quot;}\" data-widget_type=\"divider.default\">\n\t\t\t\t<div class=\"elementor-widget-container\">\n\t\t\t\t\t\t\t<div class=\"elementor-divider\">\n\t\t\t<span class=\"elementor-divider-separator\">\n\t\t\t\t\t\t<\/span>\n\t\t<\/div>\n\t\t\t\t\t\t<\/div>\n\t\t\t\t<\/div>\n\t\t\t\t<div class=\"elementor-element elementor-element-65d1573 animated-fast elementor-invisible elementor-widget elementor-widget-text-editor\" data-id=\"65d1573\" data-element_type=\"widget\" data-e-type=\"widget\" data-settings=\"{&quot;_animation&quot;:&quot;fadeIn&quot;,&quot;_animation_delay&quot;:200}\" data-widget_type=\"text-editor.default\">\n\t\t\t\t<div class=\"elementor-widget-container\">\n\t\t\t\t\t\t\t\t\t<p><span style=\"font-weight: 400;\">A cultura brasileira \u00e9 uma das mais ricas e diversas do mundo. Ela carrega em si a for\u00e7a de in\u00fameras tradi\u00e7\u00f5es, hist\u00f3rias e express\u00f5es que transcendem fronteiras, cruzando oceanos e ressoando em novos territ\u00f3rios. Na Su\u00ed\u00e7a, a Adalu tem sido uma ponte entre essas manifesta\u00e7\u00f5es culturais e o p\u00fablico europeu, criando espa\u00e7os onde a m\u00fasica, a dan\u00e7a, o cinema, as artes visuais e as pr\u00e1ticas ancestrais brasileiras encontram resson\u00e2ncia e acolhimento.\u00a0<br \/><\/span><b>, <\/b><span style=\"font-weight: 400;\">Desde sua funda\u00e7\u00e3o, a Adalu tem promovido a cultura brasileira de maneira inovadora, organizando eventos que trazem \u00e0 tona n\u00e3o apenas a alegria e a energia da nossa terra, mas tamb\u00e9m as lutas, reflex\u00f5es e sonhos de um Brasil que pulsa por meio de seus artistas. Ao longo dos anos, foram centenas de encontros que conectaram a comunidade brasileira na Su\u00ed\u00e7a e apresentaram nossa cultura a um p\u00fablico internacional.<br \/><\/span><span style=\"font-weight: 400;\">Mas, para que essa miss\u00e3o continue e se expanda, precisamos de voc\u00ea. A Adalu \u00e9 uma organiza\u00e7\u00e3o cultural que depende do apoio de quem acredita na for\u00e7a transformadora da arte e na import\u00e2ncia de preservar e difundir a cultura brasileira al\u00e9m de nossas fronteiras. Todos os nossos eventos, projetos e a\u00e7\u00f5es s\u00e3o poss\u00edveis gra\u00e7as \u00e0 pessoas como voc\u00ea, que veem o valor da arte como um motor de mudan\u00e7a social, um ve\u00edculo de identidade e um elo de conex\u00e3o entre diferentes culturas.<\/span><\/p><p><span style=\"font-weight: 400;\">O seu apoio \u00e9 fundamental para que possamos continuar a oferecer uma programa\u00e7\u00e3o rica e variada. N\u00e3o importa o valor \u2014 cada contribui\u00e7\u00e3o faz a diferen\u00e7a! Ao se tornar um doador ou membro patrocinador, voc\u00ea estar\u00e1 diretamente envolvido em nossos eventos e projetos, recebendo benef\u00edcios como: Acesso VIP a shows e eventos; Participa\u00e7\u00e3o ativa no nosso projeto de reflorestamento no Brasil; Oportunidade de encontrar pessoalmente os artistas que apoiamos; Seu nome destacado como um apoiador essencial na continuidade de nossas a\u00e7\u00f5es culturais e ambientais.<\/span><\/p><p><span style=\"font-weight: 400;\">A cultura \u00e9 um bem coletivo, e sua preserva\u00e7\u00e3o e difus\u00e3o dependem de a\u00e7\u00f5es conjuntas. Ao apoiar a Adalu, voc\u00ea est\u00e1 investindo na continuidade de um projeto cultural, no futuro de artistas, na preserva\u00e7\u00e3o do meio ambiente e na constru\u00e7\u00e3o de uma sociedade mais justa e inclusiva. Queremos continuar levando o melhor da cultura brasileira para o mundo, e com sua ajuda, vamos conseguir.<\/span><\/p><p><span style=\"font-weight: 400;\">Clique no link abaixo e fa\u00e7a sua doa\u00e7\u00e3o. Cada gesto conta e nos aproxima de realizar sonhos ainda maiores.\u00a0<\/span><\/p>\t\t\t\t\t\t\t\t<\/div>\n\t\t\t\t<\/div>\n\t\t\t\t\t<\/div>\n\t\t<\/div>\n\t\t\t\t\t<\/div>\n\t\t<\/section>\n\t\t\t\t\t<\/div>\n\t\t<\/div>\n\t\t\t\t\t<\/div>\n\t\t<\/section>\n\t\t\t\t\t<\/div>\n\t\t<\/div>\n\t\t\t\t\t<\/div>\n\t\t<\/section>\n\t\t<div class=\"elementor-element elementor-element-25b6748 e-flex e-con-boxed e-con e-parent\" data-id=\"25b6748\" data-element_type=\"container\" data-e-type=\"container\">\n\t\t\t\t\t<div class=\"e-con-inner\">\n\t\t\t\t<div class=\"elementor-element elementor-element-b8ec54f elementor-widget elementor-widget-spacer\" data-id=\"b8ec54f\" data-element_type=\"widget\" data-e-type=\"widget\" data-widget_type=\"spacer.default\">\n\t\t\t\t<div class=\"elementor-widget-container\">\n\t\t\t\t\t\t\t<div class=\"elementor-spacer\">\n\t\t\t<div class=\"elementor-spacer-inner\"><\/div>\n\t\t<\/div>\n\t\t\t\t\t\t<\/div>\n\t\t\t\t<\/div>\n\t\t\t\t<div class=\"elementor-element elementor-element-b1fc870 elementor-widget elementor-widget-heading\" data-id=\"b1fc870\" data-element_type=\"widget\" data-e-type=\"widget\" data-widget_type=\"heading.default\">\n\t\t\t\t<div class=\"elementor-widget-container\">\n\t\t\t\t\t<h2 class=\"elementor-heading-title elementor-size-default\">Contribua agora!\n<\/h2>\t\t\t\t<\/div>\n\t\t\t\t<\/div>\n\t\t\t\t\t<\/div>\n\t\t\t\t<\/div>\n\t\t<div class=\"elementor-element elementor-element-146f159 e-flex e-con-boxed e-con e-parent\" data-id=\"146f159\" data-element_type=\"container\" data-e-type=\"container\">\n\t\t\t\t\t<div class=\"e-con-inner\">\n\t\t<div class=\"elementor-element elementor-element-ac82a6d e-con-full e-flex e-con e-child\" data-id=\"ac82a6d\" data-element_type=\"container\" data-e-type=\"container\">\n\t\t\t\t<div class=\"elementor-element elementor-element-886decb elementor-widget elementor-widget-image\" data-id=\"886decb\" data-element_type=\"widget\" data-e-type=\"widget\" data-widget_type=\"image.default\">\n\t\t\t\t<div class=\"elementor-widget-container\">\n\t\t\t\t\t\t\t\t\t\t\t\t\t\t\t<img decoding=\"async\" width=\"80\" height=\"80\" src=\"https:\/\/adalu.ch\/wp-content\/uploads\/2025\/01\/1666685480-vorteile_unterstuetze.svg\" class=\"attachment-full size-full wp-image-4525\" alt=\"\" \/>\t\t\t\t\t\t\t\t\t\t\t\t\t\t\t<\/div>\n\t\t\t\t<\/div>\n\t\t\t\t<div class=\"elementor-element elementor-element-a27ec3d elementor-widget elementor-widget-heading\" data-id=\"a27ec3d\" data-element_type=\"widget\" data-e-type=\"widget\" data-widget_type=\"heading.default\">\n\t\t\t\t<div class=\"elementor-widget-container\">\n\t\t\t\t\t<h2 class=\"elementor-heading-title elementor-size-default\">Suas doa\u00e7\u00f5es trazem uma felicidade duradoura e nos motivam a seguir em frente com nossa miss\u00e3o.\n<\/h2>\t\t\t\t<\/div>\n\t\t\t\t<\/div>\n\t\t\t\t<div class=\"elementor-element elementor-element-42f464f elementor-widget elementor-widget-heading\" data-id=\"42f464f\" data-element_type=\"widget\" data-e-type=\"widget\" data-widget_type=\"heading.default\">\n\t\t\t\t<div class=\"elementor-widget-container\">\n\t\t\t\t\t<h2 class=\"elementor-heading-title elementor-size-default\">Muito obrigado<\/h2>\t\t\t\t<\/div>\n\t\t\t\t<\/div>\n\t\t\t\t<\/div>\n\t\t<div class=\"elementor-element elementor-element-cb44852 e-con-full e-flex e-con e-child\" data-id=\"cb44852\" data-element_type=\"container\" data-e-type=\"container\">\n\t\t\t\t<\/div>\n\t\t\t\t\t<\/div>\n\t\t\t\t<\/div>\n\t\t<div class=\"elementor-element elementor-element-8a5835a e-flex e-con-boxed e-con e-parent\" data-id=\"8a5835a\" data-element_type=\"container\" data-e-type=\"container\">\n\t\t\t\t\t<div class=\"e-con-inner\">\n\t\t\t\t<div class=\"elementor-element elementor-element-9ab8867 elementor-widget elementor-widget-heading\" data-id=\"9ab8867\" data-element_type=\"widget\" data-e-type=\"widget\" data-widget_type=\"heading.default\">\n\t\t\t\t<div class=\"elementor-widget-container\">\n\t\t\t\t\t<h2 class=\"elementor-heading-title elementor-size-default\">Sua sele\u00e7\u00e3o<\/h2>\t\t\t\t<\/div>\n\t\t\t\t<\/div>\n\t\t\t\t<div class=\"elementor-element elementor-element-03c659e elementor-widget__width-initial elementor-button-align-stretch elementor-widget elementor-widget-form\" data-id=\"03c659e\" data-element_type=\"widget\" data-e-type=\"widget\" data-settings=\"{&quot;step_next_label&quot;:&quot;Next&quot;,&quot;step_previous_label&quot;:&quot;Previous&quot;,&quot;button_width&quot;:&quot;100&quot;,&quot;step_type&quot;:&quot;number_text&quot;,&quot;step_icon_shape&quot;:&quot;circle&quot;}\" data-widget_type=\"form.default\">\n\t\t\t\t<div class=\"elementor-widget-container\">\n\t\t\t\t\t\t\t<form class=\"elementor-form\" method=\"post\" name=\"Formulario Apoie \" action=\"\">\n\t\t\t<input type=\"hidden\" name=\"post_id\" value=\"4510\"\/>\n\t\t\t<input type=\"hidden\" name=\"form_id\" value=\"03c659e\"\/>\n\t\t\t<input type=\"hidden\" name=\"referer_title\" value=\"\" \/>\n\n\t\t\t\n\t\t\t<div class=\"elementor-form-fields-wrapper elementor-labels-above\">\n\t\t\t\t\t\t\t\t<div class=\"elementor-field-type-number elementor-field-group elementor-column elementor-field-group-field_6831b20 elementor-col-100\">\n\t\t\t\t\t\t\t\t\t\t\t\t<label for=\"form-field-field_6831b20\" class=\"elementor-field-label\">\n\t\t\t\t\t\t\t\tValor\t\t\t\t\t\t\t<\/label>\n\t\t\t\t\t\t\t\t\t<input type=\"number\" name=\"form_fields[field_6831b20]\" id=\"form-field-field_6831b20\" class=\"elementor-field elementor-size-md  elementor-field-textual\" placeholder=\"0\" min=\"5\" max=\"\" >\n\t\t\t\t\t\t<\/div>\n\t\t\t\t\t\t\t\t<div class=\"elementor-field-type-checkbox elementor-field-group elementor-column elementor-field-group-field_92722e6 elementor-col-100\">\n\t\t\t\t\t<div class=\"elementor-field-subgroup  elementor-subgroup-inline\"><span class=\"elementor-field-option\"><input type=\"checkbox\" value=\"Keine Angabe\" id=\"form-field-field_92722e6-0\" name=\"form_fields[field_92722e6][]\"> <label for=\"form-field-field_92722e6-0\">N\u00e3o especificado<\/label><\/span><span class=\"elementor-field-option\"><input type=\"checkbox\" value=\"Divers\" id=\"form-field-field_92722e6-1\" name=\"form_fields[field_92722e6][]\"> <label for=\"form-field-field_92722e6-1\">Diversos<\/label><\/span><span class=\"elementor-field-option\"><input type=\"checkbox\" value=\"Frau\" id=\"form-field-field_92722e6-2\" name=\"form_fields[field_92722e6][]\"> <label for=\"form-field-field_92722e6-2\">Senhora<\/label><\/span><span class=\"elementor-field-option\"><input type=\"checkbox\" value=\"Mann\" id=\"form-field-field_92722e6-3\" name=\"form_fields[field_92722e6][]\"> <label for=\"form-field-field_92722e6-3\">Homem<\/label><\/span><\/div>\t\t\t\t<\/div>\n\t\t\t\t\t\t\t\t<div class=\"elementor-field-type-text elementor-field-group elementor-column elementor-field-group-name elementor-col-100 elementor-field-required elementor-mark-required\">\n\t\t\t\t\t\t\t\t\t\t\t\t<label for=\"form-field-name\" class=\"elementor-field-label\">\n\t\t\t\t\t\t\t\tPrimeiro nome\t\t\t\t\t\t\t<\/label>\n\t\t\t\t\t\t\t\t\t\t\t\t\t\t<input size=\"1\" type=\"text\" name=\"form_fields[name]\" id=\"form-field-name\" class=\"elementor-field elementor-size-md  elementor-field-textual\" required=\"required\" aria-required=\"true\">\n\t\t\t\t\t\t\t\t\t\t\t<\/div>\n\t\t\t\t\t\t\t\t<div class=\"elementor-field-type-text elementor-field-group elementor-column elementor-field-group-email elementor-col-100 elementor-field-required elementor-mark-required\">\n\t\t\t\t\t\t\t\t\t\t\t\t<label for=\"form-field-email\" class=\"elementor-field-label\">\n\t\t\t\t\t\t\t\tSobrenome\t\t\t\t\t\t\t<\/label>\n\t\t\t\t\t\t\t\t\t\t\t\t\t\t<input size=\"1\" type=\"text\" name=\"form_fields[email]\" id=\"form-field-email\" class=\"elementor-field elementor-size-md  elementor-field-textual\" required=\"required\" aria-required=\"true\">\n\t\t\t\t\t\t\t\t\t\t\t<\/div>\n\t\t\t\t\t\t\t\t<div class=\"elementor-field-type-email elementor-field-group elementor-column elementor-field-group-field_9c74097 elementor-col-100 elementor-field-required elementor-mark-required\">\n\t\t\t\t\t\t\t\t\t\t\t\t<label for=\"form-field-field_9c74097\" class=\"elementor-field-label\">\n\t\t\t\t\t\t\t\te-mail \t\t\t\t\t\t\t<\/label>\n\t\t\t\t\t\t\t\t\t\t\t\t\t\t<input size=\"1\" type=\"email\" name=\"form_fields[field_9c74097]\" id=\"form-field-field_9c74097\" class=\"elementor-field elementor-size-md  elementor-field-textual\" required=\"required\" aria-required=\"true\">\n\t\t\t\t\t\t\t\t\t\t\t<\/div>\n\t\t\t\t\t\t\t\t<div class=\"elementor-field-group elementor-column elementor-field-type-submit elementor-col-100 e-form__buttons\">\n\t\t\t\t\t<button type=\"submit\" class=\"elementor-button elementor-size-lg\">\n\t\t\t\t\t\t<span >\n\t\t\t\t\t\t\t\t\t\t\t\t\t\t\t<span class=\"elementor-button-icon\">\n\t\t\t\t\t\t\t\t\t\t\t\t\t\t\t\t\t\t\t\t\t\t\t\t\t\t<\/span>\n\t\t\t\t\t\t\t\t\t\t\t\t\t\t\t\t\t\t\t\t\t\t<span class=\"elementor-button-text\">Doe agora<\/span>\n\t\t\t\t\t\t\t\t\t\t\t\t\t<\/span>\n\t\t\t\t\t<\/button>\n\t\t\t\t<\/div>\n\t\t\t<\/div>\n\t\t<input type=\"hidden\" name=\"trp-form-language\" value=\"pt\"\/><\/form>\n\t\t\t\t\t\t<\/div>\n\t\t\t\t<\/div>\n\t\t\t\t\t<\/div>\n\t\t\t\t<\/div>\n\t\t<div class=\"elementor-element elementor-element-6606c37 e-flex e-con-boxed e-con e-parent\" data-id=\"6606c37\" data-element_type=\"container\" data-e-type=\"container\">\n\t\t\t\t\t<div class=\"e-con-inner\">\n\t\t\t\t<div class=\"elementor-element elementor-element-963a695 elementor-widget elementor-widget-spacer\" data-id=\"963a695\" data-element_type=\"widget\" data-e-type=\"widget\" data-widget_type=\"spacer.default\">\n\t\t\t\t<div class=\"elementor-widget-container\">\n\t\t\t\t\t\t\t<div class=\"elementor-spacer\">\n\t\t\t<div class=\"elementor-spacer-inner\"><\/div>\n\t\t<\/div>\n\t\t\t\t\t\t<\/div>\n\t\t\t\t<\/div>\n\t\t\t\t\t<\/div>\n\t\t\t\t<\/div>\n\t\t<div class=\"elementor-element elementor-element-f199ee9 e-flex e-con-boxed e-con e-parent\" data-id=\"f199ee9\" data-element_type=\"container\" data-e-type=\"container\">\n\t\t\t\t\t<div class=\"e-con-inner\">\n\t\t\t\t<div class=\"elementor-element elementor-element-92ebf90 elementor-widget elementor-widget-spacer\" data-id=\"92ebf90\" data-element_type=\"widget\" data-e-type=\"widget\" data-widget_type=\"spacer.default\">\n\t\t\t\t<div class=\"elementor-widget-container\">\n\t\t\t\t\t\t\t<div class=\"elementor-spacer\">\n\t\t\t<div class=\"elementor-spacer-inner\"><\/div>\n\t\t<\/div>\n\t\t\t\t\t\t<\/div>\n\t\t\t\t<\/div>\n\t\t\t\t\t<\/div>\n\t\t\t\t<\/div>\n\t\t\t\t<\/div>","protected":false},"excerpt":{"rendered":"<p>Die brasilianische Kulturszene in der Schweiz f\u00f6rdern: Unterst\u00fctze Adalu bei dieser aufregenden Mission Die brasilianische Kultur ist eine der reichsten und vielf\u00e4ltigsten der Welt. Sie birgt in sich eine breite [&hellip;]<\/p>","protected":false},"author":1,"featured_media":0,"parent":0,"menu_order":0,"comment_status":"closed","ping_status":"closed","template":"elementor_header_footer","meta":{"_acf_changed":false,"pmpro_default_level":"","footnotes":""},"class_list":["post-4510","page","type-page","status-publish","pmpro-has-access"],"acf":[],"jetpack_sharing_enabled":true,"_links":{"self":[{"href":"https:\/\/adalu.ch\/pt\/wp-json\/wp\/v2\/pages\/4510","targetHints":{"allow":["GET"]}}],"collection":[{"href":"https:\/\/adalu.ch\/pt\/wp-json\/wp\/v2\/pages"}],"about":[{"href":"https:\/\/adalu.ch\/pt\/wp-json\/wp\/v2\/types\/page"}],"author":[{"embeddable":true,"href":"https:\/\/adalu.ch\/pt\/wp-json\/wp\/v2\/users\/1"}],"replies":[{"embeddable":true,"href":"https:\/\/adalu.ch\/pt\/wp-json\/wp\/v2\/comments?post=4510"}],"version-history":[{"count":45,"href":"https:\/\/adalu.ch\/pt\/wp-json\/wp\/v2\/pages\/4510\/revisions"}],"predecessor-version":[{"id":4842,"href":"https:\/\/adalu.ch\/pt\/wp-json\/wp\/v2\/pages\/4510\/revisions\/4842"}],"wp:attachment":[{"href":"https:\/\/adalu.ch\/pt\/wp-json\/wp\/v2\/media?parent=4510"}],"curies":[{"name":"wp","href":"https:\/\/api.w.org\/{rel}","templated":true}]}}