{"id":4510,"date":"2025-01-16T11:51:36","date_gmt":"2025-01-16T10:51:36","guid":{"rendered":"https:\/\/adalu.ch\/?page_id=4510"},"modified":"2025-04-01T01:59:56","modified_gmt":"2025-03-31T23:59:56","slug":"apoie-a-adalu","status":"publish","type":"page","link":"https:\/\/adalu.ch\/fr\/apoie-a-adalu\/","title":{"rendered":"Apoie a Adalu"},"content":{"rendered":"<div data-elementor-type=\"wp-page\" data-elementor-id=\"4510\" class=\"elementor elementor-4510\" data-elementor-post-type=\"page\">\n\t\t\t\t<div class=\"elementor-element elementor-element-9a71b8d e-flex e-con-boxed e-con e-parent\" data-id=\"9a71b8d\" data-element_type=\"container\" data-e-type=\"container\">\n\t\t\t\t\t<div class=\"e-con-inner\">\n\t\t\t\t<div class=\"elementor-element elementor-element-4264146 elementor-widget elementor-widget-spacer\" data-id=\"4264146\" data-element_type=\"widget\" data-e-type=\"widget\" data-widget_type=\"spacer.default\">\n\t\t\t\t<div class=\"elementor-widget-container\">\n\t\t\t\t\t\t\t<div class=\"elementor-spacer\">\n\t\t\t<div class=\"elementor-spacer-inner\"><\/div>\n\t\t<\/div>\n\t\t\t\t\t\t<\/div>\n\t\t\t\t<\/div>\n\t\t\t\t\t<\/div>\n\t\t\t\t<\/div>\n\t\t\t\t<section class=\"elementor-section elementor-top-section elementor-element elementor-element-e00a948 elementor-section-boxed elementor-section-height-default elementor-section-height-default\" data-id=\"e00a948\" data-element_type=\"section\" data-e-type=\"section\">\n\t\t\t\t\t\t<div class=\"elementor-container elementor-column-gap-default\">\n\t\t\t\t\t<div class=\"elementor-column elementor-col-100 elementor-top-column elementor-element elementor-element-545275a\" data-id=\"545275a\" data-element_type=\"column\" data-e-type=\"column\">\n\t\t\t<div class=\"elementor-widget-wrap elementor-element-populated\">\n\t\t\t\t\t\t<section class=\"elementor-section elementor-inner-section elementor-element elementor-element-d1f7234 elementor-section-full_width elementor-section-height-default elementor-section-height-default\" data-id=\"d1f7234\" data-element_type=\"section\" data-e-type=\"section\">\n\t\t\t\t\t\t<div class=\"elementor-container elementor-column-gap-default\">\n\t\t\t\t\t<div class=\"elementor-column elementor-col-100 elementor-inner-column elementor-element elementor-element-0f3c03b\" data-id=\"0f3c03b\" data-element_type=\"column\" data-e-type=\"column\">\n\t\t\t<div class=\"elementor-widget-wrap elementor-element-populated\">\n\t\t\t\t\t\t<section class=\"elementor-section elementor-inner-section elementor-element elementor-element-57b94b1 elementor-section-boxed elementor-section-height-default elementor-section-height-default\" data-id=\"57b94b1\" data-element_type=\"section\" data-e-type=\"section\">\n\t\t\t\t\t\t<div class=\"elementor-container elementor-column-gap-default\">\n\t\t\t\t\t<div class=\"elementor-column elementor-col-100 elementor-inner-column elementor-element elementor-element-ef65256 animated-fast elementor-invisible\" data-id=\"ef65256\" data-element_type=\"column\" data-e-type=\"column\" data-settings=\"{&quot;animation&quot;:&quot;fadeIn&quot;,&quot;animation_delay&quot;:400}\">\n\t\t\t<div class=\"elementor-widget-wrap elementor-element-populated\">\n\t\t\t\t\t\t<div class=\"elementor-element elementor-element-6f6d19a animated-fast elementor-invisible elementor-widget elementor-widget-heading\" data-id=\"6f6d19a\" data-element_type=\"widget\" data-e-type=\"widget\" data-settings=\"{&quot;_animation&quot;:&quot;fadeIn&quot;}\" data-widget_type=\"heading.default\">\n\t\t\t\t<div class=\"elementor-widget-container\">\n\t\t\t\t\t<h2 class=\"elementor-heading-title elementor-size-default\"><span style=\"background-color: #9686E9\">Promouvoir la sc\u00e8ne culturelle br\u00e9silienne en Suisse :<\/span><\/u> Aide Adalu dans cette mission passionnante\n<\/h2>\t\t\t\t<\/div>\n\t\t\t\t<\/div>\n\t\t\t\t<div class=\"elementor-element elementor-element-9449422 animated-fast elementor-widget-divider--view-line elementor-invisible elementor-widget elementor-widget-divider\" data-id=\"9449422\" data-element_type=\"widget\" data-e-type=\"widget\" data-settings=\"{&quot;_animation&quot;:&quot;fadeIn&quot;}\" data-widget_type=\"divider.default\">\n\t\t\t\t<div class=\"elementor-widget-container\">\n\t\t\t\t\t\t\t<div class=\"elementor-divider\">\n\t\t\t<span class=\"elementor-divider-separator\">\n\t\t\t\t\t\t<\/span>\n\t\t<\/div>\n\t\t\t\t\t\t<\/div>\n\t\t\t\t<\/div>\n\t\t\t\t<div class=\"elementor-element elementor-element-65d1573 animated-fast elementor-invisible elementor-widget elementor-widget-text-editor\" data-id=\"65d1573\" data-element_type=\"widget\" data-e-type=\"widget\" data-settings=\"{&quot;_animation&quot;:&quot;fadeIn&quot;,&quot;_animation_delay&quot;:200}\" data-widget_type=\"text-editor.default\">\n\t\t\t\t<div class=\"elementor-widget-container\">\n\t\t\t\t\t\t\t\t\t<p><span style=\"font-weight: 400;\">La culture br\u00e9silienne est l'une des plus riches et des plus diversifi\u00e9es au monde. Elle rec\u00e8le en elle une grande vari\u00e9t\u00e9 de traditions, de coutumes et d'expressions qui traversent les fronti\u00e8res et les oc\u00e9ans et trouvent un \u00e9cho et un impact dans de nouvelles r\u00e9gions. En Suisse, Adalu fait office de pont et apporte ces formes d'expression culturelle dans l'espace europ\u00e9en, o\u00f9 elle cr\u00e9e un cadre dans lequel la musique, la danse, le cin\u00e9ma, les arts plastiques et les coutumes ancestrales br\u00e9siliennes trouvent une r\u00e9sonance et s'\u00e9panouissent.\u00a0<br \/><\/span><b>Adalu <\/b><span style=\"font-weight: 400;\">a, depuis sa naissance, promu la culture br\u00e9silienne de mani\u00e8re innovante et organis\u00e9 d'innombrables \u00e9v\u00e9nements. Non seulement le dynamisme et la joie ont \u00e9t\u00e9 partag\u00e9s, mais aussi les souffrances, les luttes, les efforts, les r\u00e9flexions et les r\u00eaves d'un pays dont les pulsations vitales vibrent \u00e0 travers les manifestations de tous les cr\u00e9ateurs. Au fil des ann\u00e9es, des centaines de rencontres ont permis de rassembler la communaut\u00e9 br\u00e9silienne en Suisse et de rendre notre culture accessible \u00e0 un public international.<br \/><\/span><span style=\"font-weight: 400;\">Pour que cette mission puisse se poursuivre et s'\u00e9tendre, nous avons besoin de vous ! Adalu est une organisation culturelle qui ne peut fonctionner qu'avec le soutien du plus grand nombre. Ensemble, nous partageons la foi dans le pouvoir de transformation de l'art et nous voyons la n\u00e9cessit\u00e9 de le pr\u00e9server et de le porter au-del\u00e0 des fronti\u00e8res nationales. Tous nos \u00e9v\u00e9nements, projets et actions prennent forme gr\u00e2ce \u00e0 vous et ensemble, nous travaillons \u00e0 faire de l'art un moteur de changement social, un vecteur d'identit\u00e9 et un lien entre les diff\u00e9rentes cultures.<\/span><\/p><p><span style=\"font-weight: 400;\">Votre participation est indispensable pour que nous puissions poursuivre notre mission et vous proposer un programme culturel riche. Chaque montant, quel qu'il soit, fait la diff\u00e9rence ! En tant que donateur ou membre de soutien, vous serez impliqu\u00e9 dans nos \u00e9v\u00e9nements et projets et b\u00e9n\u00e9ficierez d'avantages tels que : un acc\u00e8s VIP aux concerts et aux \u00e9v\u00e9nements ; une participation active \u00e0 notre projet de reforestation au Br\u00e9sil ; la possibilit\u00e9 de rencontrer personnellement nos cr\u00e9ateurs ; de voir votre nom sur notre \"Wall of Fame\", o\u00f9 vous serez mis en avant en tant que soutien important pour la continuit\u00e9 de nos actions culturelles et environnementales.<\/span><\/p><p><span style=\"font-weight: 400;\">La culture est un bien collectif dont la pr\u00e9servation et la diffusion d\u00e9pendent de l'action collective. En soutenant Adalu, vous investissez dans la continuit\u00e9 d'un engagement culturel, dans l'avenir des artistes, dans la protection durable de l'environnement et dans le d\u00e9veloppement d'une soci\u00e9t\u00e9 plus juste et plus inclusive. Nous voulons continuer \u00e0 envoyer le meilleur de la culture br\u00e9silienne dans le monde - avec votre aide, nous y parviendrons.<\/span><\/p><p><span style=\"font-weight: 400;\">Cliquez sur le lien ci-dessous et faites un don. Chaque geste compte et nous aide \u00e0 faire grandir nos r\u00eaves et \u00e0 leur donner vie.\u00a0<\/span><\/p>\t\t\t\t\t\t\t\t<\/div>\n\t\t\t\t<\/div>\n\t\t\t\t\t<\/div>\n\t\t<\/div>\n\t\t\t\t\t<\/div>\n\t\t<\/section>\n\t\t\t\t\t<\/div>\n\t\t<\/div>\n\t\t\t\t\t<\/div>\n\t\t<\/section>\n\t\t\t\t\t<\/div>\n\t\t<\/div>\n\t\t\t\t\t<\/div>\n\t\t<\/section>\n\t\t<div class=\"elementor-element elementor-element-25b6748 e-flex e-con-boxed e-con e-parent\" data-id=\"25b6748\" data-element_type=\"container\" data-e-type=\"container\">\n\t\t\t\t\t<div class=\"e-con-inner\">\n\t\t\t\t<div class=\"elementor-element elementor-element-b8ec54f elementor-widget elementor-widget-spacer\" data-id=\"b8ec54f\" data-element_type=\"widget\" data-e-type=\"widget\" data-widget_type=\"spacer.default\">\n\t\t\t\t<div class=\"elementor-widget-container\">\n\t\t\t\t\t\t\t<div class=\"elementor-spacer\">\n\t\t\t<div class=\"elementor-spacer-inner\"><\/div>\n\t\t<\/div>\n\t\t\t\t\t\t<\/div>\n\t\t\t\t<\/div>\n\t\t\t\t<div class=\"elementor-element elementor-element-b1fc870 elementor-widget elementor-widget-heading\" data-id=\"b1fc870\" data-element_type=\"widget\" data-e-type=\"widget\" data-widget_type=\"heading.default\">\n\t\t\t\t<div class=\"elementor-widget-container\">\n\t\t\t\t\t<h2 class=\"elementor-heading-title elementor-size-default\">Faites un don maintenant !\n<\/h2>\t\t\t\t<\/div>\n\t\t\t\t<\/div>\n\t\t\t\t\t<\/div>\n\t\t\t\t<\/div>\n\t\t<div class=\"elementor-element elementor-element-146f159 e-flex e-con-boxed e-con e-parent\" data-id=\"146f159\" data-element_type=\"container\" data-e-type=\"container\">\n\t\t\t\t\t<div class=\"e-con-inner\">\n\t\t<div class=\"elementor-element elementor-element-ac82a6d e-con-full e-flex e-con e-child\" data-id=\"ac82a6d\" data-element_type=\"container\" data-e-type=\"container\">\n\t\t\t\t<div class=\"elementor-element elementor-element-886decb elementor-widget elementor-widget-image\" data-id=\"886decb\" data-element_type=\"widget\" data-e-type=\"widget\" data-widget_type=\"image.default\">\n\t\t\t\t<div class=\"elementor-widget-container\">\n\t\t\t\t\t\t\t\t\t\t\t\t\t\t\t<img decoding=\"async\" width=\"80\" height=\"80\" src=\"https:\/\/adalu.ch\/wp-content\/uploads\/2025\/01\/1666685480-vorteile_unterstuetze.svg\" class=\"attachment-full size-full wp-image-4525\" alt=\"\" \/>\t\t\t\t\t\t\t\t\t\t\t\t\t\t\t<\/div>\n\t\t\t\t<\/div>\n\t\t\t\t<div class=\"elementor-element elementor-element-a27ec3d elementor-widget elementor-widget-heading\" data-id=\"a27ec3d\" data-element_type=\"widget\" data-e-type=\"widget\" data-widget_type=\"heading.default\">\n\t\t\t\t<div class=\"elementor-widget-container\">\n\t\t\t\t\t<h2 class=\"elementor-heading-title elementor-size-default\">Vos dons nous rendent durablement heureux et nous motivent \u00e0 poursuivre notre mission.\n<\/h2>\t\t\t\t<\/div>\n\t\t\t\t<\/div>\n\t\t\t\t<div class=\"elementor-element elementor-element-42f464f elementor-widget elementor-widget-heading\" data-id=\"42f464f\" data-element_type=\"widget\" data-e-type=\"widget\" data-widget_type=\"heading.default\">\n\t\t\t\t<div class=\"elementor-widget-container\">\n\t\t\t\t\t<h2 class=\"elementor-heading-title elementor-size-default\">Merci beaucoup<\/h2>\t\t\t\t<\/div>\n\t\t\t\t<\/div>\n\t\t\t\t<\/div>\n\t\t<div class=\"elementor-element elementor-element-cb44852 e-con-full e-flex e-con e-child\" data-id=\"cb44852\" data-element_type=\"container\" data-e-type=\"container\">\n\t\t\t\t<\/div>\n\t\t\t\t\t<\/div>\n\t\t\t\t<\/div>\n\t\t<div class=\"elementor-element elementor-element-8a5835a e-flex e-con-boxed e-con e-parent\" data-id=\"8a5835a\" data-element_type=\"container\" data-e-type=\"container\">\n\t\t\t\t\t<div class=\"e-con-inner\">\n\t\t\t\t<div class=\"elementor-element elementor-element-9ab8867 elementor-widget elementor-widget-heading\" data-id=\"9ab8867\" data-element_type=\"widget\" data-e-type=\"widget\" data-widget_type=\"heading.default\">\n\t\t\t\t<div class=\"elementor-widget-container\">\n\t\t\t\t\t<h2 class=\"elementor-heading-title elementor-size-default\">Ta s\u00e9lection<\/h2>\t\t\t\t<\/div>\n\t\t\t\t<\/div>\n\t\t\t\t<div class=\"elementor-element elementor-element-03c659e elementor-widget__width-initial elementor-button-align-stretch elementor-widget elementor-widget-form\" data-id=\"03c659e\" data-element_type=\"widget\" data-e-type=\"widget\" data-settings=\"{&quot;step_next_label&quot;:&quot;Next&quot;,&quot;step_previous_label&quot;:&quot;Previous&quot;,&quot;button_width&quot;:&quot;100&quot;,&quot;step_type&quot;:&quot;number_text&quot;,&quot;step_icon_shape&quot;:&quot;circle&quot;}\" data-widget_type=\"form.default\">\n\t\t\t\t<div class=\"elementor-widget-container\">\n\t\t\t\t\t\t\t<form class=\"elementor-form\" method=\"post\" name=\"Formulario Apoie \" action=\"\">\n\t\t\t<input type=\"hidden\" name=\"post_id\" value=\"4510\"\/>\n\t\t\t<input type=\"hidden\" name=\"form_id\" value=\"03c659e\"\/>\n\t\t\t<input type=\"hidden\" name=\"referer_title\" value=\"\" \/>\n\n\t\t\t\n\t\t\t<div class=\"elementor-form-fields-wrapper elementor-labels-above\">\n\t\t\t\t\t\t\t\t<div class=\"elementor-field-type-number elementor-field-group elementor-column elementor-field-group-field_6831b20 elementor-col-100\">\n\t\t\t\t\t\t\t\t\t\t\t\t<label for=\"form-field-field_6831b20\" class=\"elementor-field-label\">\n\t\t\t\t\t\t\t\tMontant\t\t\t\t\t\t\t<\/label>\n\t\t\t\t\t\t\t\t\t<input type=\"number\" name=\"form_fields[field_6831b20]\" id=\"form-field-field_6831b20\" class=\"elementor-field elementor-size-md  elementor-field-textual\" placeholder=\"0\" min=\"5\" max=\"\" >\n\t\t\t\t\t\t<\/div>\n\t\t\t\t\t\t\t\t<div class=\"elementor-field-type-checkbox elementor-field-group elementor-column elementor-field-group-field_92722e6 elementor-col-100\">\n\t\t\t\t\t<div class=\"elementor-field-subgroup  elementor-subgroup-inline\"><span class=\"elementor-field-option\"><input type=\"checkbox\" value=\"Keine Angabe\" id=\"form-field-field_92722e6-0\" name=\"form_fields[field_92722e6][]\"> <label for=\"form-field-field_92722e6-0\">Aucune indication<\/label><\/span><span class=\"elementor-field-option\"><input type=\"checkbox\" value=\"Divers\" id=\"form-field-field_92722e6-1\" name=\"form_fields[field_92722e6][]\"> <label for=\"form-field-field_92722e6-1\">Divers<\/label><\/span><span class=\"elementor-field-option\"><input type=\"checkbox\" value=\"Frau\" id=\"form-field-field_92722e6-2\" name=\"form_fields[field_92722e6][]\"> <label for=\"form-field-field_92722e6-2\">Mme<\/label><\/span><span class=\"elementor-field-option\"><input type=\"checkbox\" value=\"Mann\" id=\"form-field-field_92722e6-3\" name=\"form_fields[field_92722e6][]\"> <label for=\"form-field-field_92722e6-3\">Homme<\/label><\/span><\/div>\t\t\t\t<\/div>\n\t\t\t\t\t\t\t\t<div class=\"elementor-field-type-text elementor-field-group elementor-column elementor-field-group-name elementor-col-100 elementor-field-required elementor-mark-required\">\n\t\t\t\t\t\t\t\t\t\t\t\t<label for=\"form-field-name\" class=\"elementor-field-label\">\n\t\t\t\t\t\t\t\tPr\u00e9nom\t\t\t\t\t\t\t<\/label>\n\t\t\t\t\t\t\t\t\t\t\t\t\t\t<input size=\"1\" type=\"text\" name=\"form_fields[name]\" id=\"form-field-name\" class=\"elementor-field elementor-size-md  elementor-field-textual\" required=\"required\" aria-required=\"true\">\n\t\t\t\t\t\t\t\t\t\t\t<\/div>\n\t\t\t\t\t\t\t\t<div class=\"elementor-field-type-text elementor-field-group elementor-column elementor-field-group-email elementor-col-100 elementor-field-required elementor-mark-required\">\n\t\t\t\t\t\t\t\t\t\t\t\t<label for=\"form-field-email\" class=\"elementor-field-label\">\n\t\t\t\t\t\t\t\tNom de famille\t\t\t\t\t\t\t<\/label>\n\t\t\t\t\t\t\t\t\t\t\t\t\t\t<input size=\"1\" type=\"text\" name=\"form_fields[email]\" id=\"form-field-email\" class=\"elementor-field elementor-size-md  elementor-field-textual\" required=\"required\" aria-required=\"true\">\n\t\t\t\t\t\t\t\t\t\t\t<\/div>\n\t\t\t\t\t\t\t\t<div class=\"elementor-field-type-email elementor-field-group elementor-column elementor-field-group-field_9c74097 elementor-col-100 elementor-field-required elementor-mark-required\">\n\t\t\t\t\t\t\t\t\t\t\t\t<label for=\"form-field-field_9c74097\" class=\"elementor-field-label\">\n\t\t\t\t\t\t\t\tCourrier \u00e9lectronique \t\t\t\t\t\t\t<\/label>\n\t\t\t\t\t\t\t\t\t\t\t\t\t\t<input size=\"1\" type=\"email\" name=\"form_fields[field_9c74097]\" id=\"form-field-field_9c74097\" class=\"elementor-field elementor-size-md  elementor-field-textual\" required=\"required\" aria-required=\"true\">\n\t\t\t\t\t\t\t\t\t\t\t<\/div>\n\t\t\t\t\t\t\t\t<div class=\"elementor-field-group elementor-column elementor-field-type-submit elementor-col-100 e-form__buttons\">\n\t\t\t\t\t<button type=\"submit\" class=\"elementor-button elementor-size-lg\">\n\t\t\t\t\t\t<span >\n\t\t\t\t\t\t\t\t\t\t\t\t\t\t\t<span class=\"elementor-button-icon\">\n\t\t\t\t\t\t\t\t\t\t\t\t\t\t\t\t\t\t\t\t\t\t\t\t\t\t<\/span>\n\t\t\t\t\t\t\t\t\t\t\t\t\t\t\t\t\t\t\t\t\t\t<span class=\"elementor-button-text\">Faire un don maintenant<\/span>\n\t\t\t\t\t\t\t\t\t\t\t\t\t<\/span>\n\t\t\t\t\t<\/button>\n\t\t\t\t<\/div>\n\t\t\t<\/div>\n\t\t<input type=\"hidden\" name=\"trp-form-language\" value=\"fr\"\/><\/form>\n\t\t\t\t\t\t<\/div>\n\t\t\t\t<\/div>\n\t\t\t\t\t<\/div>\n\t\t\t\t<\/div>\n\t\t<div class=\"elementor-element elementor-element-6606c37 e-flex e-con-boxed e-con e-parent\" data-id=\"6606c37\" data-element_type=\"container\" data-e-type=\"container\">\n\t\t\t\t\t<div class=\"e-con-inner\">\n\t\t\t\t<div class=\"elementor-element elementor-element-963a695 elementor-widget elementor-widget-spacer\" data-id=\"963a695\" data-element_type=\"widget\" data-e-type=\"widget\" data-widget_type=\"spacer.default\">\n\t\t\t\t<div class=\"elementor-widget-container\">\n\t\t\t\t\t\t\t<div class=\"elementor-spacer\">\n\t\t\t<div class=\"elementor-spacer-inner\"><\/div>\n\t\t<\/div>\n\t\t\t\t\t\t<\/div>\n\t\t\t\t<\/div>\n\t\t\t\t\t<\/div>\n\t\t\t\t<\/div>\n\t\t<div class=\"elementor-element elementor-element-f199ee9 e-flex e-con-boxed e-con e-parent\" data-id=\"f199ee9\" data-element_type=\"container\" data-e-type=\"container\">\n\t\t\t\t\t<div class=\"e-con-inner\">\n\t\t\t\t<div class=\"elementor-element elementor-element-92ebf90 elementor-widget elementor-widget-spacer\" data-id=\"92ebf90\" data-element_type=\"widget\" data-e-type=\"widget\" data-widget_type=\"spacer.default\">\n\t\t\t\t<div class=\"elementor-widget-container\">\n\t\t\t\t\t\t\t<div class=\"elementor-spacer\">\n\t\t\t<div class=\"elementor-spacer-inner\"><\/div>\n\t\t<\/div>\n\t\t\t\t\t\t<\/div>\n\t\t\t\t<\/div>\n\t\t\t\t\t<\/div>\n\t\t\t\t<\/div>\n\t\t\t\t<\/div>","protected":false},"excerpt":{"rendered":"<p>Die brasilianische Kulturszene in der Schweiz f\u00f6rdern: Unterst\u00fctze Adalu bei dieser aufregenden Mission Die brasilianische Kultur ist eine der reichsten und vielf\u00e4ltigsten der Welt. Sie birgt in sich eine breite [&hellip;]<\/p>","protected":false},"author":1,"featured_media":0,"parent":0,"menu_order":0,"comment_status":"closed","ping_status":"closed","template":"elementor_header_footer","meta":{"_acf_changed":false,"pmpro_default_level":"","footnotes":""},"class_list":["post-4510","page","type-page","status-publish","pmpro-has-access"],"acf":[],"jetpack_sharing_enabled":true,"_links":{"self":[{"href":"https:\/\/adalu.ch\/fr\/wp-json\/wp\/v2\/pages\/4510","targetHints":{"allow":["GET"]}}],"collection":[{"href":"https:\/\/adalu.ch\/fr\/wp-json\/wp\/v2\/pages"}],"about":[{"href":"https:\/\/adalu.ch\/fr\/wp-json\/wp\/v2\/types\/page"}],"author":[{"embeddable":true,"href":"https:\/\/adalu.ch\/fr\/wp-json\/wp\/v2\/users\/1"}],"replies":[{"embeddable":true,"href":"https:\/\/adalu.ch\/fr\/wp-json\/wp\/v2\/comments?post=4510"}],"version-history":[{"count":45,"href":"https:\/\/adalu.ch\/fr\/wp-json\/wp\/v2\/pages\/4510\/revisions"}],"predecessor-version":[{"id":4842,"href":"https:\/\/adalu.ch\/fr\/wp-json\/wp\/v2\/pages\/4510\/revisions\/4842"}],"wp:attachment":[{"href":"https:\/\/adalu.ch\/fr\/wp-json\/wp\/v2\/media?parent=4510"}],"curies":[{"name":"wp","href":"https:\/\/api.w.org\/{rel}","templated":true}]}}