{"id":4510,"date":"2025-01-16T11:51:36","date_gmt":"2025-01-16T10:51:36","guid":{"rendered":"https:\/\/adalu.ch\/?page_id=4510"},"modified":"2025-04-01T01:59:56","modified_gmt":"2025-03-31T23:59:56","slug":"apoie-a-adalu","status":"publish","type":"page","link":"https:\/\/adalu.ch\/en\/apoie-a-adalu\/","title":{"rendered":"Apoie a Adalu"},"content":{"rendered":"<div data-elementor-type=\"wp-page\" data-elementor-id=\"4510\" class=\"elementor elementor-4510\" data-elementor-post-type=\"page\">\n\t\t\t\t<div class=\"elementor-element elementor-element-9a71b8d e-flex e-con-boxed e-con e-parent\" data-id=\"9a71b8d\" data-element_type=\"container\" data-e-type=\"container\">\n\t\t\t\t\t<div class=\"e-con-inner\">\n\t\t\t\t<div class=\"elementor-element elementor-element-4264146 elementor-widget elementor-widget-spacer\" data-id=\"4264146\" data-element_type=\"widget\" data-e-type=\"widget\" data-widget_type=\"spacer.default\">\n\t\t\t\t<div class=\"elementor-widget-container\">\n\t\t\t\t\t\t\t<div class=\"elementor-spacer\">\n\t\t\t<div class=\"elementor-spacer-inner\"><\/div>\n\t\t<\/div>\n\t\t\t\t\t\t<\/div>\n\t\t\t\t<\/div>\n\t\t\t\t\t<\/div>\n\t\t\t\t<\/div>\n\t\t\t\t<section class=\"elementor-section elementor-top-section elementor-element elementor-element-e00a948 elementor-section-boxed elementor-section-height-default elementor-section-height-default\" data-id=\"e00a948\" data-element_type=\"section\" data-e-type=\"section\">\n\t\t\t\t\t\t<div class=\"elementor-container elementor-column-gap-default\">\n\t\t\t\t\t<div class=\"elementor-column elementor-col-100 elementor-top-column elementor-element elementor-element-545275a\" data-id=\"545275a\" data-element_type=\"column\" data-e-type=\"column\">\n\t\t\t<div class=\"elementor-widget-wrap elementor-element-populated\">\n\t\t\t\t\t\t<section class=\"elementor-section elementor-inner-section elementor-element elementor-element-d1f7234 elementor-section-full_width elementor-section-height-default elementor-section-height-default\" data-id=\"d1f7234\" data-element_type=\"section\" data-e-type=\"section\">\n\t\t\t\t\t\t<div class=\"elementor-container elementor-column-gap-default\">\n\t\t\t\t\t<div class=\"elementor-column elementor-col-100 elementor-inner-column elementor-element elementor-element-0f3c03b\" data-id=\"0f3c03b\" data-element_type=\"column\" data-e-type=\"column\">\n\t\t\t<div class=\"elementor-widget-wrap elementor-element-populated\">\n\t\t\t\t\t\t<section class=\"elementor-section elementor-inner-section elementor-element elementor-element-57b94b1 elementor-section-boxed elementor-section-height-default elementor-section-height-default\" data-id=\"57b94b1\" data-element_type=\"section\" data-e-type=\"section\">\n\t\t\t\t\t\t<div class=\"elementor-container elementor-column-gap-default\">\n\t\t\t\t\t<div class=\"elementor-column elementor-col-100 elementor-inner-column elementor-element elementor-element-ef65256 animated-fast elementor-invisible\" data-id=\"ef65256\" data-element_type=\"column\" data-e-type=\"column\" data-settings=\"{&quot;animation&quot;:&quot;fadeIn&quot;,&quot;animation_delay&quot;:400}\">\n\t\t\t<div class=\"elementor-widget-wrap elementor-element-populated\">\n\t\t\t\t\t\t<div class=\"elementor-element elementor-element-6f6d19a animated-fast elementor-invisible elementor-widget elementor-widget-heading\" data-id=\"6f6d19a\" data-element_type=\"widget\" data-e-type=\"widget\" data-settings=\"{&quot;_animation&quot;:&quot;fadeIn&quot;}\" data-widget_type=\"heading.default\">\n\t\t\t\t<div class=\"elementor-widget-container\">\n\t\t\t\t\t<h2 class=\"elementor-heading-title elementor-size-default\"><span style=\"background-color: #9686E9\">Boost the Brazilian cultural scene in Switzerland:<\/span><\/u> Support Adalu in this exciting mission\n<\/h2>\t\t\t\t<\/div>\n\t\t\t\t<\/div>\n\t\t\t\t<div class=\"elementor-element elementor-element-9449422 animated-fast elementor-widget-divider--view-line elementor-invisible elementor-widget elementor-widget-divider\" data-id=\"9449422\" data-element_type=\"widget\" data-e-type=\"widget\" data-settings=\"{&quot;_animation&quot;:&quot;fadeIn&quot;}\" data-widget_type=\"divider.default\">\n\t\t\t\t<div class=\"elementor-widget-container\">\n\t\t\t\t\t\t\t<div class=\"elementor-divider\">\n\t\t\t<span class=\"elementor-divider-separator\">\n\t\t\t\t\t\t<\/span>\n\t\t<\/div>\n\t\t\t\t\t\t<\/div>\n\t\t\t\t<\/div>\n\t\t\t\t<div class=\"elementor-element elementor-element-65d1573 animated-fast elementor-invisible elementor-widget elementor-widget-text-editor\" data-id=\"65d1573\" data-element_type=\"widget\" data-e-type=\"widget\" data-settings=\"{&quot;_animation&quot;:&quot;fadeIn&quot;,&quot;_animation_delay&quot;:200}\" data-widget_type=\"text-editor.default\">\n\t\t\t\t<div class=\"elementor-widget-container\">\n\t\t\t\t\t\t\t\t\t<p><span style=\"font-weight: 400;\">Brazilian culture is one of the world's richest and most diverse. It contains a vast range of traditions, cults and expressions that transcend borders and oceans, resonating and impacting new regions. In Switzerland, Adalu acts as a bridge, introducing these cultural expressions to Europe, providing a cultural space in which Brazilian music, dance, cinema, visual arts and ancestral rites can unfold and flourish.\u00a0<br \/><\/span><b>, <\/b><span style=\"font-weight: 400;\">Ever since its foundation, Adalu has promoted Brazilian culture in innovative ways and organized countless events. It has not only shared its vitality and joy, but also its suffering, battles, reflections and dreams of a country whose vital pulse beats through the expression of all its artists. Throughout the years, hundreds of encounters have helped to connect the Brazilian community in Switzerland and spread our culture to an international audience.<br \/><\/span><span style=\"font-weight: 400;\">To continue and expand this mission, we need you! Adalu is a cultural organization that depends on the support of those who believe in the transformative power of art and recognize the necessity of preserving it and spreading it beyond national borders. All our events, projects and actions gain shape and form thanks to you and together we are strengthening art as a driver of social change, a vehicle of identity and a link between diverse cultures.<\/span><\/p><p><span style=\"font-weight: 400;\">Your contribution is essential to continue our mission and offer you a vaste cultural experience. Each contribution, however small, makes a big difference! As a donor or supporting member, you will be directly involved in our events and projects and receive benefits such as: VIP access to concerts and events; active participation in our reforestation project in Brazil; the opportunity to meet in person the artists we support; and having your name on our \u201cWall of Fame\u201d where you will be highlighted as an important supporter for the continuity of our cultural and environmental actions.<\/span><\/p><p><span style=\"font-weight: 400;\">Culture is a collective good whose preservation and expansion depends on the community's action. In supporting Adalu, you are investing in the continuity of cultural engagement, in the future of artists, in the protection of our unique natural environment and in the development of a fairer and more inclusive society. We want to continue to broadcast the finest of Brazilian culture to the world - and with your help, we will be able to do so.<\/span><\/p><p><span style=\"font-weight: 400;\">Click on the link below and donate. Every contribution matters and helps us to dream bigger and bring them to life.\u00a0<\/span><\/p>\t\t\t\t\t\t\t\t<\/div>\n\t\t\t\t<\/div>\n\t\t\t\t\t<\/div>\n\t\t<\/div>\n\t\t\t\t\t<\/div>\n\t\t<\/section>\n\t\t\t\t\t<\/div>\n\t\t<\/div>\n\t\t\t\t\t<\/div>\n\t\t<\/section>\n\t\t\t\t\t<\/div>\n\t\t<\/div>\n\t\t\t\t\t<\/div>\n\t\t<\/section>\n\t\t<div class=\"elementor-element elementor-element-25b6748 e-flex e-con-boxed e-con e-parent\" data-id=\"25b6748\" data-element_type=\"container\" data-e-type=\"container\">\n\t\t\t\t\t<div class=\"e-con-inner\">\n\t\t\t\t<div class=\"elementor-element elementor-element-b8ec54f elementor-widget elementor-widget-spacer\" data-id=\"b8ec54f\" data-element_type=\"widget\" data-e-type=\"widget\" data-widget_type=\"spacer.default\">\n\t\t\t\t<div class=\"elementor-widget-container\">\n\t\t\t\t\t\t\t<div class=\"elementor-spacer\">\n\t\t\t<div class=\"elementor-spacer-inner\"><\/div>\n\t\t<\/div>\n\t\t\t\t\t\t<\/div>\n\t\t\t\t<\/div>\n\t\t\t\t<div class=\"elementor-element elementor-element-b1fc870 elementor-widget elementor-widget-heading\" data-id=\"b1fc870\" data-element_type=\"widget\" data-e-type=\"widget\" data-widget_type=\"heading.default\">\n\t\t\t\t<div class=\"elementor-widget-container\">\n\t\t\t\t\t<h2 class=\"elementor-heading-title elementor-size-default\">Contribute now!\n<\/h2>\t\t\t\t<\/div>\n\t\t\t\t<\/div>\n\t\t\t\t\t<\/div>\n\t\t\t\t<\/div>\n\t\t<div class=\"elementor-element elementor-element-146f159 e-flex e-con-boxed e-con e-parent\" data-id=\"146f159\" data-element_type=\"container\" data-e-type=\"container\">\n\t\t\t\t\t<div class=\"e-con-inner\">\n\t\t<div class=\"elementor-element elementor-element-ac82a6d e-con-full e-flex e-con e-child\" data-id=\"ac82a6d\" data-element_type=\"container\" data-e-type=\"container\">\n\t\t\t\t<div class=\"elementor-element elementor-element-886decb elementor-widget elementor-widget-image\" data-id=\"886decb\" data-element_type=\"widget\" data-e-type=\"widget\" data-widget_type=\"image.default\">\n\t\t\t\t<div class=\"elementor-widget-container\">\n\t\t\t\t\t\t\t\t\t\t\t\t\t\t\t<img decoding=\"async\" width=\"80\" height=\"80\" src=\"https:\/\/adalu.ch\/wp-content\/uploads\/2025\/01\/1666685480-vorteile_unterstuetze.svg\" class=\"attachment-full size-full wp-image-4525\" alt=\"\" \/>\t\t\t\t\t\t\t\t\t\t\t\t\t\t\t<\/div>\n\t\t\t\t<\/div>\n\t\t\t\t<div class=\"elementor-element elementor-element-a27ec3d elementor-widget elementor-widget-heading\" data-id=\"a27ec3d\" data-element_type=\"widget\" data-e-type=\"widget\" data-widget_type=\"heading.default\">\n\t\t\t\t<div class=\"elementor-widget-container\">\n\t\t\t\t\t<h2 class=\"elementor-heading-title elementor-size-default\">Your donations bring lasting happiness and motivate us to continue our mission.\n<\/h2>\t\t\t\t<\/div>\n\t\t\t\t<\/div>\n\t\t\t\t<div class=\"elementor-element elementor-element-42f464f elementor-widget elementor-widget-heading\" data-id=\"42f464f\" data-element_type=\"widget\" data-e-type=\"widget\" data-widget_type=\"heading.default\">\n\t\t\t\t<div class=\"elementor-widget-container\">\n\t\t\t\t\t<h2 class=\"elementor-heading-title elementor-size-default\">Thank you very much<\/h2>\t\t\t\t<\/div>\n\t\t\t\t<\/div>\n\t\t\t\t<\/div>\n\t\t<div class=\"elementor-element elementor-element-cb44852 e-con-full e-flex e-con e-child\" data-id=\"cb44852\" data-element_type=\"container\" data-e-type=\"container\">\n\t\t\t\t<\/div>\n\t\t\t\t\t<\/div>\n\t\t\t\t<\/div>\n\t\t<div class=\"elementor-element elementor-element-8a5835a e-flex e-con-boxed e-con e-parent\" data-id=\"8a5835a\" data-element_type=\"container\" data-e-type=\"container\">\n\t\t\t\t\t<div class=\"e-con-inner\">\n\t\t\t\t<div class=\"elementor-element elementor-element-9ab8867 elementor-widget elementor-widget-heading\" data-id=\"9ab8867\" data-element_type=\"widget\" data-e-type=\"widget\" data-widget_type=\"heading.default\">\n\t\t\t\t<div class=\"elementor-widget-container\">\n\t\t\t\t\t<h2 class=\"elementor-heading-title elementor-size-default\">Your selection<\/h2>\t\t\t\t<\/div>\n\t\t\t\t<\/div>\n\t\t\t\t<div class=\"elementor-element elementor-element-03c659e elementor-widget__width-initial elementor-button-align-stretch elementor-widget elementor-widget-form\" data-id=\"03c659e\" data-element_type=\"widget\" data-e-type=\"widget\" data-settings=\"{&quot;step_next_label&quot;:&quot;Next&quot;,&quot;step_previous_label&quot;:&quot;Previous&quot;,&quot;button_width&quot;:&quot;100&quot;,&quot;step_type&quot;:&quot;number_text&quot;,&quot;step_icon_shape&quot;:&quot;circle&quot;}\" data-widget_type=\"form.default\">\n\t\t\t\t<div class=\"elementor-widget-container\">\n\t\t\t\t\t\t\t<form class=\"elementor-form\" method=\"post\" name=\"Formulario Apoie \" action=\"\">\n\t\t\t<input type=\"hidden\" name=\"post_id\" value=\"4510\"\/>\n\t\t\t<input type=\"hidden\" name=\"form_id\" value=\"03c659e\"\/>\n\t\t\t<input type=\"hidden\" name=\"referer_title\" value=\"\" \/>\n\n\t\t\t\n\t\t\t<div class=\"elementor-form-fields-wrapper elementor-labels-above\">\n\t\t\t\t\t\t\t\t<div class=\"elementor-field-type-number elementor-field-group elementor-column elementor-field-group-field_6831b20 elementor-col-100\">\n\t\t\t\t\t\t\t\t\t\t\t\t<label for=\"form-field-field_6831b20\" class=\"elementor-field-label\">\n\t\t\t\t\t\t\t\tAmount\t\t\t\t\t\t\t<\/label>\n\t\t\t\t\t\t\t\t\t<input type=\"number\" name=\"form_fields[field_6831b20]\" id=\"form-field-field_6831b20\" class=\"elementor-field elementor-size-md  elementor-field-textual\" placeholder=\"0\" min=\"5\" max=\"\" >\n\t\t\t\t\t\t<\/div>\n\t\t\t\t\t\t\t\t<div class=\"elementor-field-type-checkbox elementor-field-group elementor-column elementor-field-group-field_92722e6 elementor-col-100\">\n\t\t\t\t\t<div class=\"elementor-field-subgroup  elementor-subgroup-inline\"><span class=\"elementor-field-option\"><input type=\"checkbox\" value=\"Keine Angabe\" id=\"form-field-field_92722e6-0\" name=\"form_fields[field_92722e6][]\"> <label for=\"form-field-field_92722e6-0\">Not specified<\/label><\/span><span class=\"elementor-field-option\"><input type=\"checkbox\" value=\"Divers\" id=\"form-field-field_92722e6-1\" name=\"form_fields[field_92722e6][]\"> <label for=\"form-field-field_92722e6-1\">Miscellaneous<\/label><\/span><span class=\"elementor-field-option\"><input type=\"checkbox\" value=\"Frau\" id=\"form-field-field_92722e6-2\" name=\"form_fields[field_92722e6][]\"> <label for=\"form-field-field_92722e6-2\">Woman<\/label><\/span><span class=\"elementor-field-option\"><input type=\"checkbox\" value=\"Mann\" id=\"form-field-field_92722e6-3\" name=\"form_fields[field_92722e6][]\"> <label for=\"form-field-field_92722e6-3\">Man<\/label><\/span><\/div>\t\t\t\t<\/div>\n\t\t\t\t\t\t\t\t<div class=\"elementor-field-type-text elementor-field-group elementor-column elementor-field-group-name elementor-col-100 elementor-field-required elementor-mark-required\">\n\t\t\t\t\t\t\t\t\t\t\t\t<label for=\"form-field-name\" class=\"elementor-field-label\">\n\t\t\t\t\t\t\t\tFirst name\t\t\t\t\t\t\t<\/label>\n\t\t\t\t\t\t\t\t\t\t\t\t\t\t<input size=\"1\" type=\"text\" name=\"form_fields[name]\" id=\"form-field-name\" class=\"elementor-field elementor-size-md  elementor-field-textual\" required=\"required\" aria-required=\"true\">\n\t\t\t\t\t\t\t\t\t\t\t<\/div>\n\t\t\t\t\t\t\t\t<div class=\"elementor-field-type-text elementor-field-group elementor-column elementor-field-group-email elementor-col-100 elementor-field-required elementor-mark-required\">\n\t\t\t\t\t\t\t\t\t\t\t\t<label for=\"form-field-email\" class=\"elementor-field-label\">\n\t\t\t\t\t\t\t\tSurname\t\t\t\t\t\t\t<\/label>\n\t\t\t\t\t\t\t\t\t\t\t\t\t\t<input size=\"1\" type=\"text\" name=\"form_fields[email]\" id=\"form-field-email\" class=\"elementor-field elementor-size-md  elementor-field-textual\" required=\"required\" aria-required=\"true\">\n\t\t\t\t\t\t\t\t\t\t\t<\/div>\n\t\t\t\t\t\t\t\t<div class=\"elementor-field-type-email elementor-field-group elementor-column elementor-field-group-field_9c74097 elementor-col-100 elementor-field-required elementor-mark-required\">\n\t\t\t\t\t\t\t\t\t\t\t\t<label for=\"form-field-field_9c74097\" class=\"elementor-field-label\">\n\t\t\t\t\t\t\t\te-mail \t\t\t\t\t\t\t<\/label>\n\t\t\t\t\t\t\t\t\t\t\t\t\t\t<input size=\"1\" type=\"email\" name=\"form_fields[field_9c74097]\" id=\"form-field-field_9c74097\" class=\"elementor-field elementor-size-md  elementor-field-textual\" required=\"required\" aria-required=\"true\">\n\t\t\t\t\t\t\t\t\t\t\t<\/div>\n\t\t\t\t\t\t\t\t<div class=\"elementor-field-group elementor-column elementor-field-type-submit elementor-col-100 e-form__buttons\">\n\t\t\t\t\t<button type=\"submit\" class=\"elementor-button elementor-size-lg\">\n\t\t\t\t\t\t<span >\n\t\t\t\t\t\t\t\t\t\t\t\t\t\t\t<span class=\"elementor-button-icon\">\n\t\t\t\t\t\t\t\t\t\t\t\t\t\t\t\t\t\t\t\t\t\t\t\t\t\t<\/span>\n\t\t\t\t\t\t\t\t\t\t\t\t\t\t\t\t\t\t\t\t\t\t<span class=\"elementor-button-text\">Donate now<\/span>\n\t\t\t\t\t\t\t\t\t\t\t\t\t<\/span>\n\t\t\t\t\t<\/button>\n\t\t\t\t<\/div>\n\t\t\t<\/div>\n\t\t<input type=\"hidden\" name=\"trp-form-language\" value=\"en\"\/><\/form>\n\t\t\t\t\t\t<\/div>\n\t\t\t\t<\/div>\n\t\t\t\t\t<\/div>\n\t\t\t\t<\/div>\n\t\t<div class=\"elementor-element elementor-element-6606c37 e-flex e-con-boxed e-con e-parent\" data-id=\"6606c37\" data-element_type=\"container\" data-e-type=\"container\">\n\t\t\t\t\t<div class=\"e-con-inner\">\n\t\t\t\t<div class=\"elementor-element elementor-element-963a695 elementor-widget elementor-widget-spacer\" data-id=\"963a695\" data-element_type=\"widget\" data-e-type=\"widget\" data-widget_type=\"spacer.default\">\n\t\t\t\t<div class=\"elementor-widget-container\">\n\t\t\t\t\t\t\t<div class=\"elementor-spacer\">\n\t\t\t<div class=\"elementor-spacer-inner\"><\/div>\n\t\t<\/div>\n\t\t\t\t\t\t<\/div>\n\t\t\t\t<\/div>\n\t\t\t\t\t<\/div>\n\t\t\t\t<\/div>\n\t\t<div class=\"elementor-element elementor-element-f199ee9 e-flex e-con-boxed e-con e-parent\" data-id=\"f199ee9\" data-element_type=\"container\" data-e-type=\"container\">\n\t\t\t\t\t<div class=\"e-con-inner\">\n\t\t\t\t<div class=\"elementor-element elementor-element-92ebf90 elementor-widget elementor-widget-spacer\" data-id=\"92ebf90\" data-element_type=\"widget\" data-e-type=\"widget\" data-widget_type=\"spacer.default\">\n\t\t\t\t<div class=\"elementor-widget-container\">\n\t\t\t\t\t\t\t<div class=\"elementor-spacer\">\n\t\t\t<div class=\"elementor-spacer-inner\"><\/div>\n\t\t<\/div>\n\t\t\t\t\t\t<\/div>\n\t\t\t\t<\/div>\n\t\t\t\t\t<\/div>\n\t\t\t\t<\/div>\n\t\t\t\t<\/div>","protected":false},"excerpt":{"rendered":"<p>Die brasilianische Kulturszene in der Schweiz f\u00f6rdern: Unterst\u00fctze Adalu bei dieser aufregenden Mission Die brasilianische Kultur ist eine der reichsten und vielf\u00e4ltigsten der Welt. Sie birgt in sich eine breite [&hellip;]<\/p>","protected":false},"author":1,"featured_media":0,"parent":0,"menu_order":0,"comment_status":"closed","ping_status":"closed","template":"elementor_header_footer","meta":{"_acf_changed":false,"pmpro_default_level":"","footnotes":""},"class_list":["post-4510","page","type-page","status-publish","pmpro-has-access"],"acf":[],"jetpack_sharing_enabled":true,"_links":{"self":[{"href":"https:\/\/adalu.ch\/en\/wp-json\/wp\/v2\/pages\/4510","targetHints":{"allow":["GET"]}}],"collection":[{"href":"https:\/\/adalu.ch\/en\/wp-json\/wp\/v2\/pages"}],"about":[{"href":"https:\/\/adalu.ch\/en\/wp-json\/wp\/v2\/types\/page"}],"author":[{"embeddable":true,"href":"https:\/\/adalu.ch\/en\/wp-json\/wp\/v2\/users\/1"}],"replies":[{"embeddable":true,"href":"https:\/\/adalu.ch\/en\/wp-json\/wp\/v2\/comments?post=4510"}],"version-history":[{"count":45,"href":"https:\/\/adalu.ch\/en\/wp-json\/wp\/v2\/pages\/4510\/revisions"}],"predecessor-version":[{"id":4842,"href":"https:\/\/adalu.ch\/en\/wp-json\/wp\/v2\/pages\/4510\/revisions\/4842"}],"wp:attachment":[{"href":"https:\/\/adalu.ch\/en\/wp-json\/wp\/v2\/media?parent=4510"}],"curies":[{"name":"wp","href":"https:\/\/api.w.org\/{rel}","templated":true}]}}